{"id":4364,"date":"2019-11-10T21:09:27","date_gmt":"2019-11-10T21:09:27","guid":{"rendered":"https:\/\/www.imk.si\/certificiranje-atestiranje-varilcev-in-varilnih-postopkov\/"},"modified":"2024-07-05T14:05:41","modified_gmt":"2024-07-05T14:05:41","slug":"certificiranje-atestiranje-varilcev-in-varilnih-postopkov","status":"publish","type":"page","link":"https:\/\/www.imk.si\/en\/certificiranje-atestiranje-varilcev-in-varilnih-postopkov\/","title":{"rendered":"Certificiranje (atestiranje) varilcev in varilnih postopkov"},"content":{"rendered":"<div id=\"pl-4364\"  class=\"panel-layout\" ><div id=\"pg-4364-0\"  class=\"panel-grid panel-no-style\" ><div id=\"pgc-4364-0-0\"  class=\"panel-grid-cell\" ><div id=\"panel-4364-0-0-0\" class=\"so-panel widget widget_sow-editor panel-first-child panel-last-child\" data-index=\"0\" ><div\n\t\t\t\n\t\t\tclass=\"so-widget-sow-editor so-widget-sow-editor-base\"\n\t\t\t\n\t\t><h3 class=\"widget-title\"><span class=\"widget-title__inline\"><span class=\"widget-title__inline\">Splo\u0161no<\/span><\/span><\/h3>\n<div class=\"siteorigin-widget-tinymce textwidget\">\n\t<div class=\"siteorigin-widget-tinymce textwidget\">\n<p>Varjenje sodi med klju\u010dne procese spajanja na podro\u010dju jeklenih konstrukcij. IMK ima dolgoletno tradicijo na podro\u010dju zagotavljanja kakovosti varjenja in sicer opravlja naslednje storitve:<\/p>\n<ul>\n<li>preskus\u030canje in certificiranje varilcev in varilnih postopkov,<\/li>\n<li>preiskave kvalitete varjenja,<\/li>\n<li>izdelava in preverjanje tehnologije varjenja,<\/li>\n<li>nadzor varilskih del na terenu.<\/li>\n<\/ul>\n<\/div>\n<\/div>\n<\/div><\/div><\/div><div id=\"pgc-4364-0-1\"  class=\"panel-grid-cell\" ><div id=\"panel-4364-0-1-0\" class=\"so-panel widget widget_pw_contact_profile widget-contact-profile panel-first-child\" data-index=\"1\" >\t\t\t\t<div class=\"card  contact-profile\">\n\t\t\t\t\t\t\t\t\t\t<div class=\"card-block  contact-profile__container\">\n\t\t\t\t\t\t\t\t\t\t\t\t\t\t\t\t\t\t\t<div class=\"contact-profile__items\">\n\t\t\t\t\t\t\t\t\t\t\t\t\t\t\t\t\t<div class=\"contact-profile__item\">\n\t\t\t\t\t\t\t\t\t\t<div class=\"contact-profile__icon\">\n\t\t\t\t\t\t\t\t\t\t\t<i class=\"fa  fa-envelope\"><\/i>\n\t\t\t\t\t\t\t\t\t\t<\/div>\n\t\t\t\t\t\t\t\t\t\t<p class=\"contact-profile__text\">\n\t\t\t\t\t\t\t\t\t\t\tandrej.zajec@imk.si\t\t\t\t\t\t\t\t\t\t<\/p>\n\t\t\t\t\t\t\t\t\t<\/div>\n\t\t\t\t\t\t\t\t\t\t\t\t\t\t\t\t\t<div class=\"contact-profile__item\">\n\t\t\t\t\t\t\t\t\t\t<div class=\"contact-profile__icon\">\n\t\t\t\t\t\t\t\t\t\t\t<i class=\"fa  fa-phone\"><\/i>\n\t\t\t\t\t\t\t\t\t\t<\/div>\n\t\t\t\t\t\t\t\t\t\t<p class=\"contact-profile__text\">\n\t\t\t\t\t\t\t\t\t\t\t01 280 21 32\t\t\t\t\t\t\t\t\t\t<\/p>\n\t\t\t\t\t\t\t\t\t<\/div>\n\t\t\t\t\t\t\t\t\t\t\t\t\t\t\t\t\t<div class=\"contact-profile__item\">\n\t\t\t\t\t\t\t\t\t\t<div class=\"contact-profile__icon\">\n\t\t\t\t\t\t\t\t\t\t\t<i class=\"fa  fa-mobile\"><\/i>\n\t\t\t\t\t\t\t\t\t\t<\/div>\n\t\t\t\t\t\t\t\t\t\t<p class=\"contact-profile__text\">\n\t\t\t\t\t\t\t\t\t\t\t031 753 942\t\t\t\t\t\t\t\t\t\t<\/p>\n\t\t\t\t\t\t\t\t\t<\/div>\n\t\t\t\t\t\t\t\t\t\t\t\t\t\t\t<\/div>\n\t\t\t\t\t\t\t\t\t\t\t\t<div class=\"contact-profile__content\">\n\t\t\t\t\t\t\t\t\t\t\t\t\t\t\t<span class=\"contact-profile__name\">Andrej Zajec<\/span>\n\t\t\t\t\t\t\t\t\t\t\t\t\t<\/div>\n\t\t\t\t\t<\/div>\n\t\t\t\t<\/div>\n\n\t\t\t<\/div><div id=\"panel-4364-0-1-1\" class=\"so-panel widget widget_pw_contact_profile widget-contact-profile panel-last-child\" data-index=\"2\" >\t\t\t\t<div class=\"card  contact-profile\">\n\t\t\t\t\t\t\t\t\t\t<div class=\"card-block  contact-profile__container\">\n\t\t\t\t\t\t\t\t\t\t\t\t\t\t\t\t\t\t\t<div class=\"contact-profile__items\">\n\t\t\t\t\t\t\t\t\t\t\t\t\t\t\t\t\t<div class=\"contact-profile__item\">\n\t\t\t\t\t\t\t\t\t\t<div class=\"contact-profile__icon\">\n\t\t\t\t\t\t\t\t\t\t\t<i class=\"fa  fa-envelope\"><\/i>\n\t\t\t\t\t\t\t\t\t\t<\/div>\n\t\t\t\t\t\t\t\t\t\t<p class=\"contact-profile__text\">\n\t\t\t\t\t\t\t\t\t\t\trika.legat@imk.si\t\t\t\t\t\t\t\t\t\t<\/p>\n\t\t\t\t\t\t\t\t\t<\/div>\n\t\t\t\t\t\t\t\t\t\t\t\t\t\t\t\t\t<div class=\"contact-profile__item\">\n\t\t\t\t\t\t\t\t\t\t<div class=\"contact-profile__icon\">\n\t\t\t\t\t\t\t\t\t\t\t<i class=\"fa  fa-phone\"><\/i>\n\t\t\t\t\t\t\t\t\t\t<\/div>\n\t\t\t\t\t\t\t\t\t\t<p class=\"contact-profile__text\">\n\t\t\t\t\t\t\t\t\t\t\t01 280 21 58\t\t\t\t\t\t\t\t\t\t<\/p>\n\t\t\t\t\t\t\t\t\t<\/div>\n\t\t\t\t\t\t\t\t\t\t\t\t\t\t\t\t\t<div class=\"contact-profile__item\">\n\t\t\t\t\t\t\t\t\t\t<div class=\"contact-profile__icon\">\n\t\t\t\t\t\t\t\t\t\t\t<i class=\"fa  fa-mobile\"><\/i>\n\t\t\t\t\t\t\t\t\t\t<\/div>\n\t\t\t\t\t\t\t\t\t\t<p class=\"contact-profile__text\">\n\t\t\t\t\t\t\t\t\t\t\t040 232 166\t\t\t\t\t\t\t\t\t\t<\/p>\n\t\t\t\t\t\t\t\t\t<\/div>\n\t\t\t\t\t\t\t\t\t\t\t\t\t\t\t<\/div>\n\t\t\t\t\t\t\t\t\t\t\t\t<div class=\"contact-profile__content\">\n\t\t\t\t\t\t\t\t\t\t\t\t\t\t\t<span class=\"contact-profile__name\">Rika Legat<\/span>\n\t\t\t\t\t\t\t\t\t\t\t\t\t<\/div>\n\t\t\t\t\t<\/div>\n\t\t\t\t<\/div>\n\n\t\t\t<\/div><\/div><\/div><div id=\"pg-4364-1\"  class=\"panel-grid panel-no-style\" ><div id=\"pgc-4364-1-0\"  class=\"panel-grid-cell\" ><div id=\"panel-4364-1-0-0\" class=\"so-panel widget widget_sow-editor panel-first-child panel-last-child\" data-index=\"3\" ><div\n\t\t\t\n\t\t\tclass=\"so-widget-sow-editor so-widget-sow-editor-base\"\n\t\t\t\n\t\t><h3 class=\"widget-title\"><span class=\"widget-title__inline\"><span class=\"widget-title__inline\">Presku\u0161anje in certificiranje varilcev<\/span><\/span><\/h3>\n<div class=\"siteorigin-widget-tinymce textwidget\">\n\t<div class=\"siteorigin-widget-tinymce textwidget\">\n<p>Kvaliteta zavarjenih spojev je v veliki meri odvisna od usposobljenosti varilcev, ki morajo imeti poleg ustreznega teoreti\u010dnega znanja tudi ustrezno ro\u010dno spretnost. Zaradi pomena njihovega dela morajo varilci svojo usposobljenost dokazovati s certifikatom, ki ga pridobijo na podlagi uspe\u0161no opravljenega preverjanja. Tudi po pridobitvi certifikata morajo varilci svojo usposobljenost nato periodi\u010dno potrjevati.<\/p>\n<\/div>\n<\/div>\n<\/div><\/div><\/div><div id=\"pgc-4364-1-1\"  class=\"panel-grid-cell\" ><div id=\"panel-4364-1-1-0\" class=\"so-panel widget widget_sow-editor panel-first-child panel-last-child\" data-index=\"4\" ><div\n\t\t\t\n\t\t\tclass=\"so-widget-sow-editor so-widget-sow-editor-base\"\n\t\t\t\n\t\t><h3 class=\"widget-title\"><span class=\"widget-title__inline\"><span class=\"widget-title__inline\">Potek preskus\u030canja in certificiranja varilcev<\/span><\/span><\/h3>\n<div class=\"siteorigin-widget-tinymce textwidget\">\n\t<div class=\"siteorigin-widget-tinymce textwidget\">\n<p>Preskus varilcev obi\u010dajno izvajamo pri naro\u010dnikih, po dogovoru pa se ga lahko izvede tudi na IMK. Pred pri\u010detkom presku\u0161anja lahko naro\u010dniku na njegovo \u017eeljo pomagamo pri odlo\u010ditvi, kak\u0161ne vzorce morajo varilci zavariti, da bodo pokrite vse zahteve, ki se ti\u010dejo obmo\u010dja veljavnosti posameznih certifikatov.<\/p>\n<figure id=\"attachment_1490\" aria-describedby=\"caption-attachment-1490\" style=\"width: 600px\" class=\"wp-caption aligncenter\"><img loading=\"lazy\" decoding=\"async\" class=\"wp-image-1490 size-full\" src=\"https:\/\/www.imk.si\/wp-content\/uploads\/2016\/08\/Makroskopska-preiskava-soc\u030celnega-zvara.png\" alt=\"\" width=\"600\" height=\"281\" srcset=\"https:\/\/www.imk.si\/wp-content\/uploads\/2016\/08\/Makroskopska-preiskava-soc\u030celnega-zvara.png 600w, https:\/\/www.imk.si\/wp-content\/uploads\/2016\/08\/Makroskopska-preiskava-soc\u030celnega-zvara-300x141.png 300w, https:\/\/www.imk.si\/wp-content\/uploads\/2016\/08\/Makroskopska-preiskava-soc\u030celnega-zvara-540x253.png 540w\" sizes=\"(max-width: 600px) 100vw, 600px\" \/><figcaption id=\"caption-attachment-1490\" class=\"wp-caption-text\">Makroskopska preiskava soc\u030celnega zvara<\/figcaption><\/figure>\n<\/div>\n<\/div>\n<\/div><\/div><\/div><\/div><div id=\"pg-4364-2\"  class=\"panel-grid panel-no-style\" ><div id=\"pgc-4364-2-0\"  class=\"panel-grid-cell\" ><div id=\"panel-4364-2-0-0\" class=\"so-panel widget widget_sow-editor panel-first-child\" data-index=\"5\" ><div\n\t\t\t\n\t\t\tclass=\"so-widget-sow-editor so-widget-sow-editor-base\"\n\t\t\t\n\t\t><h3 class=\"widget-title\"><span class=\"widget-title__inline\"><span class=\"widget-title__inline\">Certificiranje varilcev se najpogosteje izvaja skladno z naslednjimi standardi:<\/span><\/span><\/h3>\n<div class=\"siteorigin-widget-tinymce textwidget\">\n\t<div class=\"siteorigin-widget-tinymce textwidget\">\n<ul>\n<li>EN ISO 9606-1,<\/li>\n<li>EN 13067,<\/li>\n<li>EN ISO 13585,<\/li>\n<li>AD 2000 Merkblatt HP3,<\/li>\n<li>ASME sec. IX.<\/li>\n<\/ul>\n<\/div>\n<\/div>\n<\/div><\/div><div id=\"panel-4364-2-0-1\" class=\"so-panel widget widget_sow-button\" data-index=\"6\" ><div\n\t\t\t\n\t\t\tclass=\"so-widget-sow-button so-widget-sow-button-flat-66466acb9e12-4364\"\n\t\t\t\n\t\t><div class=\"ow-button-base ow-button-align-center\">\n\t<a\n\thref=\"https:\/\/www.imk.si\/ISO_9606-1\/sl\/\"\n\t\tclass=\"ow-icon-placement-left ow-button-hover\" target=\"_blank\" rel=\"noopener noreferrer\" \t>\n\t\t<span>\n\t\t\t\n\t\t\tSpletna aplikacija za dolo\u010ditev obmo\u010dja veljavnosti certifikata za varilce skladno z EN ISO 9606-1\t\t<\/span>\n\t<\/a>\n<\/div>\n<\/div><\/div><div id=\"panel-4364-2-0-2\" class=\"so-panel widget widget_sow-editor panel-last-child\" data-index=\"7\" ><div\n\t\t\t\n\t\t\tclass=\"so-widget-sow-editor so-widget-sow-editor-base\"\n\t\t\t\n\t\t><h3 class=\"widget-title\"><span class=\"widget-title__inline\"><span class=\"widget-title__inline\">Presku\u0161anje in certificiranje varilnih postopkov<\/span><\/span><\/h3>\n<div class=\"siteorigin-widget-tinymce textwidget\">\n\t<div class=\"siteorigin-widget-tinymce textwidget\">\n<p>Poleg usposobljenega varilca je pogoj za dobro izveden zvarni spoj tudi ustrezna tehnologija varjenja. Na IMK presku\u0161amo ustreznost tehnologij varjenja po evropskem standardu EN ISO 15614-1 (za jekla ter nikelj in nikljeve zlitine) in EN ISO 15614-2 (za aluminij in aluminijeve zlitine), na \u017eeljo naro\u010dnika pa tudi po drugih standardih, kot na primer ASME sec. IX, oziroma drugih zahtevah, kot na primer DVS (DVS 1702) ter T\u00dcV (AD 2000 HP 2\/1).<\/p>\n<\/div>\n<\/div>\n<\/div><\/div><\/div><div id=\"pgc-4364-2-1\"  class=\"panel-grid-cell\" ><div id=\"panel-4364-2-1-0\" class=\"so-panel widget widget_sow-editor panel-first-child panel-last-child\" data-index=\"8\" ><div\n\t\t\t\n\t\t\tclass=\"so-widget-sow-editor so-widget-sow-editor-base\"\n\t\t\t\n\t\t><h3 class=\"widget-title\"><span class=\"widget-title__inline\"><span class=\"widget-title__inline\">IMK izvaja certificiranje varilcev za razlic\u030cne nac\u030cine varjenja:<\/span><\/span><\/h3>\n<div class=\"siteorigin-widget-tinymce textwidget\">\n\t<div class=\"siteorigin-widget-tinymce textwidget\">\n<ul>\n<li>talilnega varjenja kovinskih materialov:\n<ul>\n<li>ro\u010dno oblo\u010dno varjenje,<\/li>\n<li>MAG varjenje,<\/li>\n<li>MIG varjenje,<\/li>\n<li>TIG varjenje,<\/li>\n<li>varjenje pod pra\u0161kom,<\/li>\n<li>plamensko varjenje.<\/li>\n<\/ul>\n<\/li>\n<li>varjenje termoplastov:\n<ul>\n<li>varjenje z objemko,<\/li>\n<li>ekstrudijsko varjenje,<\/li>\n<li>varjenje z vro\u010dim orodjem.<\/li>\n<\/ul>\n<\/li>\n<li>trdo spajkanje Cu cevovodov.<\/li>\n<\/ul>\n<p><img loading=\"lazy\" decoding=\"async\" class=\"aligncenter wp-image-1489 size-full\" src=\"https:\/\/www.imk.si\/wp-content\/uploads\/2016\/08\/Makroskopska-preiskava-kotnega-zvara.png\" alt=\"\" width=\"456\" height=\"400\" srcset=\"https:\/\/www.imk.si\/wp-content\/uploads\/2016\/08\/Makroskopska-preiskava-kotnega-zvara.png 456w, https:\/\/www.imk.si\/wp-content\/uploads\/2016\/08\/Makroskopska-preiskava-kotnega-zvara-300x263.png 300w\" sizes=\"(max-width: 456px) 100vw, 456px\" \/><\/p>\n<\/div>\n<\/div>\n<\/div><\/div><\/div><\/div><div id=\"pg-4364-3\"  class=\"panel-grid panel-no-style\" ><div id=\"pgc-4364-3-0\"  class=\"panel-grid-cell\" ><div id=\"panel-4364-3-0-0\" class=\"so-panel widget widget_pw_brochure_box widget-brochure-box panel-first-child\" data-index=\"9\" >\n\t<a class=\"brochure-box\" href=\"https:\/\/www.imk.si\/wp-content\/uploads\/2024\/06\/2-C-00-Sistem-certificiranja.pdf\" target=\"_self\">\n\t\t<span class=\"brochure-box__icon\"><i class=\"fa  fa-file-pdf-o\"><\/i><\/span>\n\t\t<h5 class=\"brochure-box__text\">Shema certificiranja (pravilnik certificiranja)<\/h5>\n\t<\/a>\n\n<\/div><div id=\"panel-4364-3-0-1\" class=\"so-panel widget widget_pw_brochure_box widget-brochure-box panel-last-child\" data-index=\"10\" >\n\t<a class=\"brochure-box\" href=\"https:\/\/www.imk.si\/wp-content\/uploads\/2019\/11\/2-C-20-OB10-Vloga-za-certificiranje-varilcev-in-operaterjev-varjenja-1.pdf\" target=\"_self\">\n\t\t<span class=\"brochure-box__icon\"><i class=\"fa  fa-file-pdf-o\"><\/i><\/span>\n\t\t<h5 class=\"brochure-box__text\">Vloga za certificiranje varilca<\/h5>\n\t<\/a>\n\n<\/div><\/div><div id=\"pgc-4364-3-1\"  class=\"panel-grid-cell\" ><div id=\"panel-4364-3-1-0\" class=\"so-panel widget widget_pw_brochure_box widget-brochure-box panel-first-child panel-last-child\" data-index=\"11\" >\n\t<a class=\"brochure-box\" href=\"https:\/\/www.imk.si\/wp-content\/uploads\/2017\/08\/2-C-40-OB10-Vloga-za-certificiranje-varilnega-postopka-1.pdf\" target=\"_self\">\n\t\t<span class=\"brochure-box__icon\"><i class=\"fa  fa-file-pdf-o\"><\/i><\/span>\n\t\t<h5 class=\"brochure-box__text\">Vloga za certificiranje varilnega postopka<\/h5>\n\t<\/a>\n\n<\/div><\/div><\/div><\/div>","protected":false},"excerpt":{"rendered":"<p>Varjenje sodi med klju\u010dne procese spajanja na podro\u010dju jeklenih konstrukcij. IMK ima dolgoletno tradicijo na podro\u010dju zagotavljanja kakovosti varjenja in sicer opravlja naslednje storitve: preskus\u030canje in certificiranje varilcev in varilnih postopkov, preiskave kvalitete varjenja, izdelava in preverjanje tehnologije varjenja, nadzor varilskih del na terenu. Kvaliteta zavarjenih spojev je v veliki meri odvisna od usposobljenosti varilcev, &hellip;<\/p>\n","protected":false},"author":1,"featured_media":0,"parent":0,"menu_order":0,"comment_status":"closed","ping_status":"closed","template":"","meta":{"_acf_changed":false,"footnotes":""},"class_list":["post-4364","page","type-page","status-publish","hentry"],"acf":[],"_links":{"self":[{"href":"https:\/\/www.imk.si\/en\/wp-json\/wp\/v2\/pages\/4364"}],"collection":[{"href":"https:\/\/www.imk.si\/en\/wp-json\/wp\/v2\/pages"}],"about":[{"href":"https:\/\/www.imk.si\/en\/wp-json\/wp\/v2\/types\/page"}],"author":[{"embeddable":true,"href":"https:\/\/www.imk.si\/en\/wp-json\/wp\/v2\/users\/1"}],"replies":[{"embeddable":true,"href":"https:\/\/www.imk.si\/en\/wp-json\/wp\/v2\/comments?post=4364"}],"version-history":[{"count":1,"href":"https:\/\/www.imk.si\/en\/wp-json\/wp\/v2\/pages\/4364\/revisions"}],"predecessor-version":[{"id":4366,"href":"https:\/\/www.imk.si\/en\/wp-json\/wp\/v2\/pages\/4364\/revisions\/4366"}],"wp:attachment":[{"href":"https:\/\/www.imk.si\/en\/wp-json\/wp\/v2\/media?parent=4364"}],"curies":[{"name":"wp","href":"https:\/\/api.w.org\/{rel}","templated":true}]}}