{"id":4153,"date":"2020-09-25T15:05:34","date_gmt":"2020-09-25T15:05:34","guid":{"rendered":"https:\/\/www.imk.si\/?page_id=4153"},"modified":"2020-09-28T08:25:13","modified_gmt":"2020-09-28T08:25:13","slug":"chemical-analysis","status":"publish","type":"page","link":"https:\/\/www.imk.si\/en\/departments\/testing\/chemical-analysis\/","title":{"rendered":"Chemical analysis"},"content":{"rendered":"<div id=\"pl-4153\"  class=\"panel-layout\" ><div id=\"pg-4153-0\"  class=\"panel-grid panel-no-style\" ><div id=\"pgc-4153-0-0\"  class=\"panel-grid-cell\" ><div id=\"panel-4153-0-0-0\" class=\"so-panel widget widget_sow-editor panel-first-child\" data-index=\"0\" ><div\n\t\t\t\n\t\t\tclass=\"so-widget-sow-editor so-widget-sow-editor-base\"\n\t\t\t\n\t\t><h3 class=\"widget-title\"><span class=\"widget-title__inline\">General<\/span><\/h3>\n<div class=\"siteorigin-widget-tinymce textwidget\">\n\t<div class=\"siteorigin-widget-tinymce textwidget\">\n<p>With the help of chemical analysis, it is possible to identify and quantify chemical constituents (elements) in a substance. In our case, the method of optical emission spectrometry (OES) is used for quantitative analysis, ie. determining the content of basic elements in various metallic materials.<\/p>\n<p>The spectrometer, which is available at the laboratory, enables quick analysis of all major alloying elements and recognition of extremely low levels of elements in metals, as well as nitrogen in steel. The analysis can be performed on a sample having a flat surface of at least 5 mm in diameter, but it can also be performed on round wires with a diameter of only a few millimetres.<\/p>\n<\/div>\n<\/div>\n<\/div><\/div><div id=\"panel-4153-0-0-1\" class=\"so-panel widget widget_sow-image panel-last-child\" data-index=\"1\" ><div\n\t\t\t\n\t\t\tclass=\"so-widget-sow-image so-widget-sow-image-default-8b5b6f678277-4153\"\n\t\t\t\n\t\t>\n\n<div class=\"sow-image-container\">\n\t\t<img loading=\"lazy\" decoding=\"async\" src=\"https:\/\/www.imk.si\/wp-content\/uploads\/2020\/09\/Logo-MGRT-ESRR-768x137.jpg\" width=\"768\" height=\"137\" srcset=\"https:\/\/www.imk.si\/wp-content\/uploads\/2020\/09\/Logo-MGRT-ESRR-768x137.jpg 768w, https:\/\/www.imk.si\/wp-content\/uploads\/2020\/09\/Logo-MGRT-ESRR-300x54.jpg 300w, https:\/\/www.imk.si\/wp-content\/uploads\/2020\/09\/Logo-MGRT-ESRR-1024x183.jpg 1024w, https:\/\/www.imk.si\/wp-content\/uploads\/2020\/09\/Logo-MGRT-ESRR-540x96.jpg 540w, https:\/\/www.imk.si\/wp-content\/uploads\/2020\/09\/Logo-MGRT-ESRR.jpg 1406w\" sizes=\"(max-width: 768px) 100vw, 768px\" title=\"Logo MGRT ESRR\" alt=\"\" \t\tclass=\"so-widget-image\"\/>\n\t<\/div>\n\n<\/div><\/div><\/div><div id=\"pgc-4153-0-1\"  class=\"panel-grid-cell\" ><div id=\"panel-4153-0-1-0\" class=\"so-panel widget widget_pw_contact_profile widget-contact-profile panel-first-child\" data-index=\"2\" >\t\t\t\t<div class=\"card  contact-profile\">\n\t\t\t\t\t\t\t\t\t\t<div class=\"card-block  contact-profile__container\">\n\t\t\t\t\t\t\t\t\t\t\t\t\t\t\t\t\t\t\t<div class=\"contact-profile__items\">\n\t\t\t\t\t\t\t\t\t\t\t\t\t\t\t\t\t<div class=\"contact-profile__item\">\n\t\t\t\t\t\t\t\t\t\t<div class=\"contact-profile__icon\">\n\t\t\t\t\t\t\t\t\t\t\t<i class=\"fa  fa-briefcase\"><\/i>\n\t\t\t\t\t\t\t\t\t\t<\/div>\n\t\t\t\t\t\t\t\t\t\t<p class=\"contact-profile__text\">\n\t\t\t\t\t\t\t\t\t\t\tvodja OE LKK\t\t\t\t\t\t\t\t\t\t<\/p>\n\t\t\t\t\t\t\t\t\t<\/div>\n\t\t\t\t\t\t\t\t\t\t\t\t\t\t\t\t\t<div class=\"contact-profile__item\">\n\t\t\t\t\t\t\t\t\t\t<div class=\"contact-profile__icon\">\n\t\t\t\t\t\t\t\t\t\t\t<i class=\"fa  fa-envelope\"><\/i>\n\t\t\t\t\t\t\t\t\t\t<\/div>\n\t\t\t\t\t\t\t\t\t\t<p class=\"contact-profile__text\">\n\t\t\t\t\t\t\t\t\t\t\tmarjan.suban@imk.si\t\t\t\t\t\t\t\t\t\t<\/p>\n\t\t\t\t\t\t\t\t\t<\/div>\n\t\t\t\t\t\t\t\t\t\t\t\t\t\t\t\t\t<div class=\"contact-profile__item\">\n\t\t\t\t\t\t\t\t\t\t<div class=\"contact-profile__icon\">\n\t\t\t\t\t\t\t\t\t\t\t<i class=\"fa  fa-phone\"><\/i>\n\t\t\t\t\t\t\t\t\t\t<\/div>\n\t\t\t\t\t\t\t\t\t\t<p class=\"contact-profile__text\">\n\t\t\t\t\t\t\t\t\t\t\t01 280 21 20\t\t\t\t\t\t\t\t\t\t<\/p>\n\t\t\t\t\t\t\t\t\t<\/div>\n\t\t\t\t\t\t\t\t\t\t\t\t\t\t\t\t\t<div class=\"contact-profile__item\">\n\t\t\t\t\t\t\t\t\t\t<div class=\"contact-profile__icon\">\n\t\t\t\t\t\t\t\t\t\t\t<i class=\"fa  fa-mobile\"><\/i>\n\t\t\t\t\t\t\t\t\t\t<\/div>\n\t\t\t\t\t\t\t\t\t\t<p class=\"contact-profile__text\">\n\t\t\t\t\t\t\t\t\t\t\t031 828 251\t\t\t\t\t\t\t\t\t\t<\/p>\n\t\t\t\t\t\t\t\t\t<\/div>\n\t\t\t\t\t\t\t\t\t\t\t\t\t\t\t<\/div>\n\t\t\t\t\t\t\t\t\t\t\t\t<div class=\"contact-profile__content\">\n\t\t\t\t\t\t\t\t\t\t\t\t\t\t\t<span class=\"contact-profile__name\">dr. Marjan Suban<\/span>\n\t\t\t\t\t\t\t\t\t\t\t\t\t<\/div>\n\t\t\t\t\t<\/div>\n\t\t\t\t<\/div>\n\n\t\t\t<\/div><div id=\"panel-4153-0-1-1\" class=\"so-panel widget widget_pw_contact_profile widget-contact-profile panel-last-child\" data-index=\"3\" >\t\t\t\t<div class=\"card  contact-profile\">\n\t\t\t\t\t\t\t\t\t\t<div class=\"card-block  contact-profile__container\">\n\t\t\t\t\t\t\t\t\t\t\t\t\t\t\t\t\t\t\t<div class=\"contact-profile__items\">\n\t\t\t\t\t\t\t\t\t\t\t\t\t\t\t\t\t<div class=\"contact-profile__item\">\n\t\t\t\t\t\t\t\t\t\t<div class=\"contact-profile__icon\">\n\t\t\t\t\t\t\t\t\t\t\t<i class=\"fa  fa-envelope\"><\/i>\n\t\t\t\t\t\t\t\t\t\t<\/div>\n\t\t\t\t\t\t\t\t\t\t<p class=\"contact-profile__text\">\n\t\t\t\t\t\t\t\t\t\t\trika.legat@imk.si\t\t\t\t\t\t\t\t\t\t<\/p>\n\t\t\t\t\t\t\t\t\t<\/div>\n\t\t\t\t\t\t\t\t\t\t\t\t\t\t\t\t\t<div class=\"contact-profile__item\">\n\t\t\t\t\t\t\t\t\t\t<div class=\"contact-profile__icon\">\n\t\t\t\t\t\t\t\t\t\t\t<i class=\"fa  fa-phone\"><\/i>\n\t\t\t\t\t\t\t\t\t\t<\/div>\n\t\t\t\t\t\t\t\t\t\t<p class=\"contact-profile__text\">\n\t\t\t\t\t\t\t\t\t\t\t01 280 21 58\t\t\t\t\t\t\t\t\t\t<\/p>\n\t\t\t\t\t\t\t\t\t<\/div>\n\t\t\t\t\t\t\t\t\t\t\t\t\t\t\t\t\t<div class=\"contact-profile__item\">\n\t\t\t\t\t\t\t\t\t\t<div class=\"contact-profile__icon\">\n\t\t\t\t\t\t\t\t\t\t\t<i class=\"fa  fa-mobile\"><\/i>\n\t\t\t\t\t\t\t\t\t\t<\/div>\n\t\t\t\t\t\t\t\t\t\t<p class=\"contact-profile__text\">\n\t\t\t\t\t\t\t\t\t\t\t040 232 166\t\t\t\t\t\t\t\t\t\t<\/p>\n\t\t\t\t\t\t\t\t\t<\/div>\n\t\t\t\t\t\t\t\t\t\t\t\t\t\t\t<\/div>\n\t\t\t\t\t\t\t\t\t\t\t\t<div class=\"contact-profile__content\">\n\t\t\t\t\t\t\t\t\t\t\t\t\t\t\t<span class=\"contact-profile__name\">Rika Legat<\/span>\n\t\t\t\t\t\t\t\t\t\t\t\t\t<\/div>\n\t\t\t\t\t<\/div>\n\t\t\t\t<\/div>\n\n\t\t\t<\/div><\/div><\/div><div id=\"pg-4153-1\"  class=\"panel-grid panel-no-style\" ><div id=\"pgc-4153-1-0\"  class=\"panel-grid-cell\" ><div id=\"panel-4153-1-0-0\" class=\"so-panel widget widget_sow-editor panel-first-child panel-last-child\" data-index=\"4\" ><div\n\t\t\t\n\t\t\tclass=\"so-widget-sow-editor so-widget-sow-editor-base\"\n\t\t\t\n\t\t>\n<div class=\"siteorigin-widget-tinymce textwidget\">\n\t<div id='gallery-1' class='gallery galleryid-4153 gallery-columns-2 gallery-size-full'><figure class='gallery-item'>\n\t\t\t<div class='gallery-icon landscape'>\n\t\t\t\t<a href='https:\/\/www.imk.si\/wp-content\/uploads\/2020\/09\/OES-Hitachi-OE750-scaled.jpg'><img loading=\"lazy\" decoding=\"async\" width=\"2560\" height=\"1832\" src=\"https:\/\/www.imk.si\/wp-content\/uploads\/2020\/09\/OES-Hitachi-OE750-scaled.jpg\" class=\"attachment-full size-full\" alt=\"\" aria-describedby=\"gallery-1-4138\" srcset=\"https:\/\/www.imk.si\/wp-content\/uploads\/2020\/09\/OES-Hitachi-OE750-scaled.jpg 2560w, https:\/\/www.imk.si\/wp-content\/uploads\/2020\/09\/OES-Hitachi-OE750-300x215.jpg 300w, https:\/\/www.imk.si\/wp-content\/uploads\/2020\/09\/OES-Hitachi-OE750-1024x733.jpg 1024w, https:\/\/www.imk.si\/wp-content\/uploads\/2020\/09\/OES-Hitachi-OE750-768x550.jpg 768w, https:\/\/www.imk.si\/wp-content\/uploads\/2020\/09\/OES-Hitachi-OE750-1536x1099.jpg 1536w, https:\/\/www.imk.si\/wp-content\/uploads\/2020\/09\/OES-Hitachi-OE750-2048x1466.jpg 2048w, https:\/\/www.imk.si\/wp-content\/uploads\/2020\/09\/OES-Hitachi-OE750-540x386.jpg 540w\" sizes=\"(max-width: 2560px) 100vw, 2560px\" \/><\/a>\n\t\t\t<\/div>\n\t\t\t\t<figcaption class='wp-caption-text gallery-caption' id='gallery-1-4138'>\n\t\t\t\tSpektrometer Hitachi OE750\n\t\t\t\t<\/figcaption><\/figure><figure class='gallery-item'>\n\t\t\t<div class='gallery-icon landscape'>\n\t\t\t\t<a href='https:\/\/www.imk.si\/wp-content\/uploads\/2020\/09\/Rezultat-kemijske-analize.jpg'><img loading=\"lazy\" decoding=\"async\" width=\"931\" height=\"669\" src=\"https:\/\/www.imk.si\/wp-content\/uploads\/2020\/09\/Rezultat-kemijske-analize.jpg\" class=\"attachment-full size-full\" alt=\"\" aria-describedby=\"gallery-1-4142\" srcset=\"https:\/\/www.imk.si\/wp-content\/uploads\/2020\/09\/Rezultat-kemijske-analize.jpg 931w, https:\/\/www.imk.si\/wp-content\/uploads\/2020\/09\/Rezultat-kemijske-analize-300x216.jpg 300w, https:\/\/www.imk.si\/wp-content\/uploads\/2020\/09\/Rezultat-kemijske-analize-768x552.jpg 768w, https:\/\/www.imk.si\/wp-content\/uploads\/2020\/09\/Rezultat-kemijske-analize-540x388.jpg 540w\" sizes=\"(max-width: 931px) 100vw, 931px\" \/><\/a>\n\t\t\t<\/div>\n\t\t\t\t<figcaption class='wp-caption-text gallery-caption' id='gallery-1-4142'>\n\t\t\t\tRezultat kemijske analize\n\t\t\t\t<\/figcaption><\/figure>\n\t\t<\/div>\n\n<\/div>\n<\/div><\/div><\/div><\/div><\/div>","protected":false},"excerpt":{"rendered":"<p>S pomo\u010djo kemijske analiza je omogo\u010deno lo\u010devanje, prepoznavanje in kvantificiranje kemi\u010dnih sestavin (elementov) v snovi. V na\u0161em primeru se za kvantitativno analizo tj. dolo\u010danje vsebnost osnovnih elementov v razli\u010dnih kovinskih materialih, uporablja metoda opti\u010dne emisijske spektrometrije (OES).<\/p>\n","protected":false},"author":1,"featured_media":4138,"parent":2427,"menu_order":0,"comment_status":"closed","ping_status":"closed","template":"","meta":{"_acf_changed":false,"footnotes":""},"class_list":["post-4153","page","type-page","status-publish","has-post-thumbnail","hentry"],"acf":[],"_links":{"self":[{"href":"https:\/\/www.imk.si\/en\/wp-json\/wp\/v2\/pages\/4153"}],"collection":[{"href":"https:\/\/www.imk.si\/en\/wp-json\/wp\/v2\/pages"}],"about":[{"href":"https:\/\/www.imk.si\/en\/wp-json\/wp\/v2\/types\/page"}],"author":[{"embeddable":true,"href":"https:\/\/www.imk.si\/en\/wp-json\/wp\/v2\/users\/1"}],"replies":[{"embeddable":true,"href":"https:\/\/www.imk.si\/en\/wp-json\/wp\/v2\/comments?post=4153"}],"version-history":[{"count":12,"href":"https:\/\/www.imk.si\/en\/wp-json\/wp\/v2\/pages\/4153\/revisions"}],"predecessor-version":[{"id":4188,"href":"https:\/\/www.imk.si\/en\/wp-json\/wp\/v2\/pages\/4153\/revisions\/4188"}],"up":[{"embeddable":true,"href":"https:\/\/www.imk.si\/en\/wp-json\/wp\/v2\/pages\/2427"}],"wp:featuredmedia":[{"embeddable":true,"href":"https:\/\/www.imk.si\/en\/wp-json\/wp\/v2\/media\/4138"}],"wp:attachment":[{"href":"https:\/\/www.imk.si\/en\/wp-json\/wp\/v2\/media?parent=4153"}],"curies":[{"name":"wp","href":"https:\/\/api.w.org\/{rel}","templated":true}]}}