{"id":2374,"date":"2016-08-18T10:32:37","date_gmt":"2016-08-18T10:32:37","guid":{"rendered":"https:\/\/www.imk.si\/introduction\/zgodovina\/"},"modified":"2017-03-28T18:39:52","modified_gmt":"2017-03-28T18:39:52","slug":"history","status":"publish","type":"page","link":"https:\/\/www.imk.si\/en\/introduction\/history\/","title":{"rendered":"History"},"content":{"rendered":"<p>Za\u010detki In\u0161tituta za metalne konstrukcije (IMK) segajo v leto 1948, ko je prof. dr. Milo\u0161 Marin\u010dek v okviru Visoke tehni\u0161ke \u0161ole Univerze v Ljubljani ustanovil In\u0161titut za jeklene konstrukcije. V prvih letih delovanja je in\u0161titut deloval na treh lokacijah: Vodogradbeni laboratorij na Hajdrihovi, kletni prostori stavbe \u00bbstara tehnika\u00ab na A\u0161ker\u010devi ter provizorij ob Rimskem zidu. Leta 1955 se je in\u0161titut preselil v adaptirane prostore na Mencingerjevi 7, se preimenoval v IMK ter se kmalu vzpostavil kot finan\u010dno samostojen zavod.<\/p>\n<p><img loading=\"lazy\" decoding=\"async\" class=\"attachment-medium_large aligncenter\" style=\"max-width: 100%;\" src=\"https:\/\/www.imk.si\/wp-content\/uploads\/2016\/11\/Osebje-IJK-konec-leta-1954-pred-provizorijem-ob-rimskem-zidu-768x534.png\" alt=\"\" width=\"768\" height=\"534\" \/><\/p>\n<p>Osebje IJK konec leta 1954 pred provizorijem ob rimskem zidu.<\/p>\n<p>Osnovna dejavnost IMK je bila vse od ustanovitve dalje usmerjena v celovito obravnavanje problematike s podro\u010dja metalnih konstrukcij, pri \u010demer so skladno s potrebo v praksi prevladovale jeklene konstrukcije. Poslanstvo IMK je bilo tvoriti vez med akademsko sfero in prakso, predvsem na podro\u010dju razvoja, na\u010drtovanja in zagotovitve kakovosti izvedbe jeklenih konstrukcij v gradbeni\u0161tvu in strojni\u0161tvu. V okviru svoje dejavnosti je IMK pokrival znanstveno raziskovalno delo na podro\u010dju konstrukcij in materialov, projektiranje konstrukcij, kontrolo izdelave in monta\u017ee konstrukcij ter preizku\u0161anje konstrukcij in posameznih delov konstrukcij z metodami s poru\u0161itvijo oziroma brez poru\u0161itve.<\/p>\n<p><img loading=\"lazy\" decoding=\"async\" class=\"attachment-medium_large aligncenter\" style=\"max-width: 100%;\" src=\"https:\/\/www.imk.si\/wp-content\/uploads\/2016\/11\/Konstrukcijski-oddelek-IMK-768x526.png\" alt=\"\" width=\"768\" height=\"526\" \/><\/p>\n<p>Konstrukcijski oddelek IMK.<\/p>\n<p><img loading=\"lazy\" decoding=\"async\" class=\"attachment-medium_large aligncenter\" style=\"max-width: 100%;\" src=\"https:\/\/www.imk.si\/wp-content\/uploads\/2016\/11\/Center-za-defektoskopijo-IMK-768x528.png\" alt=\"\" width=\"768\" height=\"528\" \/><\/p>\n<p>Center za defektoskopijo IMK.<\/p>\n<p><img loading=\"lazy\" decoding=\"async\" class=\"attachment-medium_large aligncenter\" style=\"max-width: 100%;\" src=\"https:\/\/www.imk.si\/wp-content\/uploads\/2016\/11\/Obremenilna-preizkus\u030cnja-jeklenega-z\u030celeznis\u030ckega-mostu-v-Vojvodini-768x483.png\" alt=\"\" width=\"768\" height=\"483\" \/><\/p>\n<p>Obremenilna preizku\u0161nja jeklenega \u017eelezni\u0161kega mostu v Vojvodini.<\/p>\n<p><img loading=\"lazy\" decoding=\"async\" class=\"attachment-medium_large aligncenter\" style=\"max-width: 100%;\" src=\"https:\/\/www.imk.si\/wp-content\/uploads\/2016\/11\/Delo-na-terenu-\u2013-obremenilna-preizkus\u030cnja-jeklenega-z\u030celeznis\u030ckega-mostu-v-Vojvodini.jpeg\" alt=\"\" width=\"660\" height=\"470\" \/><\/p>\n<p>Delo na terenu \u2013 obremenilna preizku\u0161nja jeklenega \u017eelezni\u0161kega mostu v Vojvodini.<\/p>\n<p>Profesor Marin\u010dek, ustanovitelj in prvi direktor IMK, je bil \u010dlovek z bogatimi mednarodnimi izku\u0161njami in povezavami v razvitih zahodnih dr\u017eavah. Svoje izku\u0161nje in spoznanja je uspe\u0161no prenesel v organizacijo in delovanje IMK, ki je bil v tistem \u010dasu voden in organiziran na na\u010din, ki bi bil lahko za zgled tudi v dana\u0161njem \u010dasu. Dobre mednarodne povezave so zagotavljale hiter prenos znanstvenoraziskovalnih in strokovnih dose\u017ekov ter znanja med zaposlene na IMK, kar je omogo\u010dilo tudi hiter strokovni razvoj zaposlenih.<\/p>\n<p>Zaradi celovitega pristopa pri obravnavi jeklenih konstrukcij ter na osnovi izkazane strokovnosti se je IMK v relativno kratkem \u010dasu od ustanovitve uveljavil na celotnem podro\u010dju takratne Jugoslavije in sodeloval pri izgradnji mnogih velikih objektov dr\u017eavnega pomena. Dr\u017eavne investicije v okviru dolgoletnega razvojnega obdobje, ki je trajalo od konca 50-tih pa vse do za\u010detka 80-tih let, so imele pozitiven vpliv tudi na razvoj in rast IMK. To je bilo obdobje, ko je IMK lahko vsestransko izpolnjeval svoje poslanstvo. Od ve\u010djih jeklenih objektov iz tistega \u010dasa, ki so v uporabi tudi danes, so \u0161ir\u0161i javnosti znani: Hala Tivoli v Ljubljani, Delavski most v Kranju ter Jeklarna 2 na Jesenicah.<\/p>\n<p><img loading=\"lazy\" decoding=\"async\" class=\"attachment-medium_large aligncenter\" style=\"max-width: 100%;\" src=\"https:\/\/www.imk.si\/wp-content\/uploads\/2016\/11\/Hala-Tivoli-\u2013-montaz\u030ca-prvega-stres\u030cnega-nosilca-768x526.jpeg\" alt=\"\" width=\"768\" height=\"526\" \/><\/p>\n<p>Hala Tivoli \u2013 monta\u017ea prvega stre\u0161nega nosilca.<\/p>\n<p><img loading=\"lazy\" decoding=\"async\" class=\"attachment-medium_large aligncenter\" style=\"max-width: 100%;\" src=\"https:\/\/www.imk.si\/wp-content\/uploads\/2016\/11\/Hala-Tivoli-v-c\u030casu-pred-zakljuc\u030ckom-montaz\u030ce-jeklenih-konstrukcij.jpeg\" alt=\"\" width=\"676\" height=\"458\" \/><\/p>\n<p>Hala Tivoli v \u010dasu pred zaklju\u010dkom monta\u017ee jeklenih konstrukcij.<\/p>\n<p><img loading=\"lazy\" decoding=\"async\" class=\"attachment-full aligncenter\" style=\"max-width: 100%;\" src=\"https:\/\/www.imk.si\/wp-content\/uploads\/2016\/11\/Hala-Tivoli-ob-zakljuc\u030cku-gradnje.png\" alt=\"\" width=\"681\" height=\"454\" \/><\/p>\n<p>Hala Tivoli ob zaklju\u010dku gradnje.<\/p>\n<p><img loading=\"lazy\" decoding=\"async\" class=\"attachment-medium_large aligncenter\" style=\"max-width: 100%;\" src=\"https:\/\/www.imk.si\/wp-content\/uploads\/2016\/11\/Delavski-most-v-Kranju-v-c\u030casu-gradnje.png\" alt=\"\" width=\"557\" height=\"492\" \/><\/p>\n<p>Delavski most v Kranju v \u010dasu gradnje.<\/p>\n<p><img loading=\"lazy\" decoding=\"async\" class=\"attachment-medium_large aligncenter\" style=\"max-width: 100%;\" src=\"https:\/\/www.imk.si\/wp-content\/uploads\/2016\/11\/Delavski-most-v-Kranju-po-pribliz\u030cno-30-tih-letih-obratovanja.png\" alt=\"\" width=\"762\" height=\"487\" \/><\/p>\n<p>Delavski most v Kranju po pribli\u017eno 30-tih letih obratovanja.<\/p>\n<p><img loading=\"lazy\" decoding=\"async\" class=\"attachment-medium_large aligncenter\" style=\"max-width: 100%;\" src=\"https:\/\/www.imk.si\/wp-content\/uploads\/2016\/11\/Jeklarna-2-v-c\u030casu-montaz\u030ce-nosilnih-jeklenih-konstrukcij-768x429.jpeg\" alt=\"\" width=\"768\" height=\"429\" \/><\/p>\n<p>Jeklarna 2 v \u010dasu monta\u017ee nosilnih jeklenih konstrukcij.<\/p>\n<p>Relativno dolgemu obdobju rasti in stabilnim pogojem poslovanja je sledilo obdobje recesije, ki se je najprej manifestiralo na podro\u010dju investicij in posledi\u010dno tudi na podro\u010dju dejavnosti IMK. Sledilo je dolgo obdobje slab\u0161anja pogojev v poslovnem okolju in\u0161tituta, ki se jim je in\u0161titut sku\u0161al prilagoditi. V ve\u010d kot 10-letnem obdobju po osamosvojitvi Slovenije se dejavnost in\u0161tituta vsebinsko ni bistveno spremenila glede na prej\u0161nje obdobje, vendar pa se je zaradi objektivnih okoli\u0161\u010din precej skr\u010dil obseg poslovanja ter \u0161tevilo zaposlenih. In\u0161titut se je moral podrediti in predvsem prilagoditi novim pogojem poslovanja ter poiskati nove poslovne prilo\u017enosti v okviru svoje osnovne dejavnosti.<\/p>\n","protected":false},"excerpt":{"rendered":"<p>Za\u010detki In\u0161tituta za metalne konstrukcije (IMK) segajo v leto 1948, ko je prof. dr. Milo\u0161 Marin\u010dek v okviru Visoke tehni\u0161ke \u0161ole Univerze v Ljubljani ustanovil In\u0161titut za jeklene konstrukcije. V prvih letih delovanja je in\u0161titut deloval na treh lokacijah: Vodogradbeni laboratorij na Hajdrihovi, kletni prostori stavbe \u00bbstara tehnika\u00ab na A\u0161ker\u010devi ter provizorij ob Rimskem zidu. &hellip;<\/p>\n","protected":false},"author":1,"featured_media":0,"parent":2324,"menu_order":0,"comment_status":"closed","ping_status":"closed","template":"","meta":{"_acf_changed":false,"footnotes":""},"class_list":["post-2374","page","type-page","status-publish","hentry"],"acf":[],"_links":{"self":[{"href":"https:\/\/www.imk.si\/en\/wp-json\/wp\/v2\/pages\/2374"}],"collection":[{"href":"https:\/\/www.imk.si\/en\/wp-json\/wp\/v2\/pages"}],"about":[{"href":"https:\/\/www.imk.si\/en\/wp-json\/wp\/v2\/types\/page"}],"author":[{"embeddable":true,"href":"https:\/\/www.imk.si\/en\/wp-json\/wp\/v2\/users\/1"}],"replies":[{"embeddable":true,"href":"https:\/\/www.imk.si\/en\/wp-json\/wp\/v2\/comments?post=2374"}],"version-history":[{"count":2,"href":"https:\/\/www.imk.si\/en\/wp-json\/wp\/v2\/pages\/2374\/revisions"}],"predecessor-version":[{"id":2375,"href":"https:\/\/www.imk.si\/en\/wp-json\/wp\/v2\/pages\/2374\/revisions\/2375"}],"up":[{"embeddable":true,"href":"https:\/\/www.imk.si\/en\/wp-json\/wp\/v2\/pages\/2324"}],"wp:attachment":[{"href":"https:\/\/www.imk.si\/en\/wp-json\/wp\/v2\/media?parent=2374"}],"curies":[{"name":"wp","href":"https:\/\/api.w.org\/{rel}","templated":true}]}}