{"id":2314,"date":"2015-10-22T05:52:08","date_gmt":"2015-10-22T05:52:08","guid":{"rendered":"https:\/\/www.imk.si\/dejavnosti\/"},"modified":"2017-02-28T18:59:46","modified_gmt":"2017-02-28T18:59:46","slug":"departments","status":"publish","type":"page","link":"https:\/\/www.imk.si\/en\/departments\/","title":{"rendered":"Departments"},"content":{"rendered":"<div id=\"pl-2314\"  class=\"panel-layout\" ><div id=\"pg-2314-0\"  class=\"panel-grid panel-no-style\" ><div id=\"pgc-2314-0-0\"  class=\"panel-grid-cell\" ><div id=\"panel-2314-0-0-0\" class=\"so-panel widget widget_pw_featured_page widget-featured-page panel-first-child panel-last-child\" data-index=\"0\" >\n\t<div class=\"page-box  page-box--block\">\n\t\t\t\t\t<a class=\"page-box__picture\" href=\"https:\/\/www.imk.si\/en\/departments\/certification\/\">\n\t\t\t\t<img loading=\"lazy\" decoding=\"async\" src=\"https:\/\/www.imk.si\/wp-content\/uploads\/2016\/10\/certificiranje_slicica-360x240.jpg\" width=\"360\" height=\"240\" srcset=\"https:\/\/www.imk.si\/wp-content\/uploads\/2016\/10\/certificiranje_slicica-360x240.jpg 360w, https:\/\/www.imk.si\/wp-content\/uploads\/2016\/10\/certificiranje_slicica.jpg 720w\" sizes=\"(min-width: 1200px) 350px, (min-width: 992px) 284px, (min-width: 768px) 692px, calc(100vw - 30px)\" class=\"wp-post-image\" alt=\"Certification\">\n\t\t\t<\/a>\n\t\t\t\t<div class=\"page-box__content\">\n\t\t\t<h4 class=\"page-box__title\"><a href=\"https:\/\/www.imk.si\/en\/departments\/certification\/\">Certification<\/a><\/h4>\n\t\t\t<p class=\"page-box__text\">An integral part of the IMK\u2019s mission is assurance and quality control in the field of steel structures. In accordance with the mission IMK throughout its existence pursued activities ...<\/p>\n\t\t\t\t\t\t\t<a href=\"https:\/\/www.imk.si\/en\/departments\/certification\/\" class=\"page-box__more-link\">Read more<\/a>\n\t\t\t\t\t<\/div>\n\t<\/div>\n\n<\/div><\/div><div id=\"pgc-2314-0-1\"  class=\"panel-grid-cell\" ><div id=\"panel-2314-0-1-0\" class=\"so-panel widget widget_pw_featured_page widget-featured-page panel-first-child panel-last-child\" data-index=\"1\" >\n\t<div class=\"page-box  page-box--block\">\n\t\t\t\t\t<a class=\"page-box__picture\" href=\"https:\/\/www.imk.si\/en\/departments\/technical-consulting\/\">\n\t\t\t\t<img loading=\"lazy\" decoding=\"async\" src=\"https:\/\/www.imk.si\/wp-content\/uploads\/2016\/10\/svetovanje_slicica-360x240.jpg\" width=\"360\" height=\"240\" srcset=\"https:\/\/www.imk.si\/wp-content\/uploads\/2016\/10\/svetovanje_slicica-360x240.jpg 360w, https:\/\/www.imk.si\/wp-content\/uploads\/2016\/10\/svetovanje_slicica.jpg 720w\" sizes=\"(min-width: 1200px) 350px, (min-width: 992px) 284px, (min-width: 768px) 692px, calc(100vw - 30px)\" class=\"wp-post-image\" alt=\"Technical consulting\">\n\t\t\t<\/a>\n\t\t\t\t<div class=\"page-box__content\">\n\t\t\t<h4 class=\"page-box__title\"><a href=\"https:\/\/www.imk.si\/en\/departments\/technical-consulting\/\">Technical consulting<\/a><\/h4>\n\t\t\t<p class=\"page-box__text\">IMK je na podlagi dolgoletnega strokovnega dela na podro\u010dju svoje dejavnosti ter stalne vklju\u010denosti v izvedbo zahtevnih investicijskih projektov pridobil in razvil obse\u017eno znanje ...<\/p>\n\t\t\t\t\t\t\t<a href=\"https:\/\/www.imk.si\/en\/departments\/technical-consulting\/\" class=\"page-box__more-link\">Read more<\/a>\n\t\t\t\t\t<\/div>\n\t<\/div>\n\n<\/div><\/div><div id=\"pgc-2314-0-2\"  class=\"panel-grid-cell\" ><div id=\"panel-2314-0-2-0\" class=\"so-panel widget widget_pw_featured_page widget-featured-page panel-first-child panel-last-child\" data-index=\"2\" >\n\t<div class=\"page-box  page-box--block\">\n\t\t\t\t\t<a class=\"page-box__picture\" href=\"https:\/\/www.imk.si\/en\/departments\/supervision\/\">\n\t\t\t\t<img loading=\"lazy\" decoding=\"async\" src=\"https:\/\/www.imk.si\/wp-content\/uploads\/2016\/10\/nadzor_slicica-360x240.jpg\" width=\"360\" height=\"240\" srcset=\"https:\/\/www.imk.si\/wp-content\/uploads\/2016\/10\/nadzor_slicica-360x240.jpg 360w, https:\/\/www.imk.si\/wp-content\/uploads\/2016\/10\/nadzor_slicica.jpg 720w\" sizes=\"(min-width: 1200px) 350px, (min-width: 992px) 284px, (min-width: 768px) 692px, calc(100vw - 30px)\" class=\"wp-post-image\" alt=\"Supervision\">\n\t\t\t<\/a>\n\t\t\t\t<div class=\"page-box__content\">\n\t\t\t<h4 class=\"page-box__title\"><a href=\"https:\/\/www.imk.si\/en\/departments\/supervision\/\">Supervision<\/a><\/h4>\n\t\t\t<p class=\"page-box__text\">Construction and quality supervision, construction and quality inspections, Quality control and Super-control of construction and erection of steel structures are some of the basic and original activities &hellip;<\/p>\n\t\t\t\t\t\t\t<a href=\"https:\/\/www.imk.si\/en\/departments\/supervision\/\" class=\"page-box__more-link\">Read more<\/a>\n\t\t\t\t\t<\/div>\n\t<\/div>\n\n<\/div><\/div><\/div><div id=\"pg-2314-1\"  class=\"panel-grid panel-no-style\" ><div id=\"pgc-2314-1-0\"  class=\"panel-grid-cell\" ><div id=\"panel-2314-1-0-0\" class=\"so-panel widget widget_pw_featured_page widget-featured-page panel-first-child panel-last-child\" data-index=\"3\" >\n\t<div class=\"page-box  page-box--block\">\n\t\t\t\t\t<a class=\"page-box__picture\" href=\"https:\/\/www.imk.si\/en\/departments\/testing\/\">\n\t\t\t\t<img loading=\"lazy\" decoding=\"async\" src=\"https:\/\/www.imk.si\/wp-content\/uploads\/2016\/10\/charpy-kladivo-360x240.jpg\" width=\"360\" height=\"240\" srcset=\"https:\/\/www.imk.si\/wp-content\/uploads\/2016\/10\/charpy-kladivo-360x240.jpg 360w, https:\/\/www.imk.si\/wp-content\/uploads\/2016\/10\/charpy-kladivo.jpg 720w\" sizes=\"(min-width: 1200px) 350px, (min-width: 992px) 284px, (min-width: 768px) 692px, calc(100vw - 30px)\" class=\"wp-post-image\" alt=\"Testing\">\n\t\t\t<\/a>\n\t\t\t\t<div class=\"page-box__content\">\n\t\t\t<h4 class=\"page-box__title\"><a href=\"https:\/\/www.imk.si\/en\/departments\/testing\/\">Testing<\/a><\/h4>\n\t\t\t<p class=\"page-box__text\">Presku\u0161anje kovinskih materialov, izdelkov iz kovin in postopkov izdelave sodi med klju\u010dne procese v okviru osnovne dejavnosti IMK. Presku\u0161anje se prete\u017eno izvaja v okviru dejavnosti ...<\/p>\n\t\t\t\t\t\t\t<a href=\"https:\/\/www.imk.si\/en\/departments\/testing\/\" class=\"page-box__more-link\">Read more<\/a>\n\t\t\t\t\t<\/div>\n\t<\/div>\n\n<\/div><\/div><div id=\"pgc-2314-1-1\"  class=\"panel-grid-cell panel-grid-cell-mobile-last\" ><div id=\"panel-2314-1-1-0\" class=\"so-panel widget widget_pw_featured_page widget-featured-page panel-first-child panel-last-child\" data-index=\"4\" >\n\t<div class=\"page-box  page-box--block\">\n\t\t\t\t\t<a class=\"page-box__picture\" href=\"https:\/\/www.imk.si\/en\/departments\/research-and-development\/\">\n\t\t\t\t<img loading=\"lazy\" decoding=\"async\" src=\"https:\/\/www.imk.si\/wp-content\/uploads\/2016\/10\/raziskave_slicica-360x240.jpg\" width=\"360\" height=\"240\" srcset=\"https:\/\/www.imk.si\/wp-content\/uploads\/2016\/10\/raziskave_slicica-360x240.jpg 360w, https:\/\/www.imk.si\/wp-content\/uploads\/2016\/10\/raziskave_slicica.jpg 720w\" sizes=\"(min-width: 1200px) 350px, (min-width: 992px) 284px, (min-width: 768px) 692px, calc(100vw - 30px)\" class=\"wp-post-image\" alt=\"Research and development\">\n\t\t\t<\/a>\n\t\t\t\t<div class=\"page-box__content\">\n\t\t\t<h4 class=\"page-box__title\"><a href=\"https:\/\/www.imk.si\/en\/departments\/research-and-development\/\">Research and development<\/a><\/h4>\n\t\t\t<p class=\"page-box__text\">For all core processes (design, technical consultancy, supervision, testing, certification), which take place in the context of IMK, it is characterized by being very open to creative ...<\/p>\n\t\t\t\t\t\t\t<a href=\"https:\/\/www.imk.si\/en\/departments\/research-and-development\/\" class=\"page-box__more-link\">Read more<\/a>\n\t\t\t\t\t<\/div>\n\t<\/div>\n\n<\/div><\/div><div id=\"pgc-2314-1-2\"  class=\"panel-grid-cell panel-grid-cell-empty\" ><\/div><\/div><\/div>","protected":false},"excerpt":{"rendered":"<p>Certification An integral part of the IMK\u2019s mission is assurance and quality control in the field of steel structures. In accordance with the mission IMK throughout its existence pursued activities &#8230; Read more Technical consulting IMK je na podlagi dolgoletnega strokovnega dela na podro\u010dju svoje dejavnosti ter stalne vklju\u010denosti v izvedbo zahtevnih investicijskih projektov pridobil &hellip;<\/p>\n","protected":false},"author":1,"featured_media":0,"parent":0,"menu_order":0,"comment_status":"closed","ping_status":"closed","template":"","meta":{"_acf_changed":false,"footnotes":""},"class_list":["post-2314","page","type-page","status-publish","hentry"],"acf":[],"_links":{"self":[{"href":"https:\/\/www.imk.si\/en\/wp-json\/wp\/v2\/pages\/2314"}],"collection":[{"href":"https:\/\/www.imk.si\/en\/wp-json\/wp\/v2\/pages"}],"about":[{"href":"https:\/\/www.imk.si\/en\/wp-json\/wp\/v2\/types\/page"}],"author":[{"embeddable":true,"href":"https:\/\/www.imk.si\/en\/wp-json\/wp\/v2\/users\/1"}],"replies":[{"embeddable":true,"href":"https:\/\/www.imk.si\/en\/wp-json\/wp\/v2\/comments?post=2314"}],"version-history":[{"count":8,"href":"https:\/\/www.imk.si\/en\/wp-json\/wp\/v2\/pages\/2314\/revisions"}],"predecessor-version":[{"id":3028,"href":"https:\/\/www.imk.si\/en\/wp-json\/wp\/v2\/pages\/2314\/revisions\/3028"}],"wp:attachment":[{"href":"https:\/\/www.imk.si\/en\/wp-json\/wp\/v2\/media?parent=2314"}],"curies":[{"name":"wp","href":"https:\/\/api.w.org\/{rel}","templated":true}]}}